{"id":872,"date":"2026-02-12T12:41:27","date_gmt":"2026-02-12T09:41:27","guid":{"rendered":"https:\/\/www.redban.com.tr\/urun\/da381-da381-is-adresli-duman-dedektoru\/"},"modified":"2026-02-12T12:41:27","modified_gmt":"2026-02-12T09:41:27","slug":"da381-da381-is-adresli-duman-dedektoru","status":"publish","type":"product","link":"https:\/\/www.redban.com.tr\/en\/urun\/da381-da381-is-adresli-duman-dedektoru\/","title":{"rendered":"DA381 \/ DA381-IS Adresli Duman Dedekt\u00f6r\u00fc"},"content":{"rendered":"<p>DA381, DA381-IS Addressable Detectors are specially designed to detect smoke originating from fire in the surrounding area and transmit its information to Redban control panels.<\/p>\n<p>The detector includes a plug-in photoelectric smoke sensor and a thermistor with addressable analog communication. The sensor transmits an analog representation of smoke density and heat rise over a communication line to a control panel. Inside MCU\u2019s EEPROM, the sensor\u2019s address is stored and can be set by a portable address setting device called RB1201 Device Programmer. The detector can be assigned an address ID ranging from 1 to 200.<\/p>\n<p>The DA383-IS Model is similar to the DA383 detector, but with the addition of an isolator built into the DA383.<\/p>\n","protected":false},"excerpt":{"rendered":"<ul>\n<li>Robust and aesthetic PC\/ABS case<\/li>\n<li>Microprocessor based design<\/li>\n<li>Double sided light path indicator<\/li>\n<li>Self calibration<\/li>\n<li>Eliminate false alarms<\/li>\n<li>Built-in Isolator<\/li>\n<li>Led indicator output<\/li>\n<li>Programmable by RB1201 address programmer<\/li>\n<li>Address and data stored in nonvolatile memory<\/li>\n<li>EN54-7 Certified<\/li>\n<\/ul>\n","protected":false},"featured_media":986,"template":"","meta":[],"product_brand":[],"product_cat":[44,45,47],"product_tag":[],"class_list":{"0":"post-872","1":"product","2":"type-product","3":"status-publish","4":"has-post-thumbnail","6":"product_cat-addressable-fire-detection-and-control-system","7":"product_cat-solution-1","8":"product_cat-solution-3","10":"first","11":"instock","12":"downloadable","13":"shipping-taxable","14":"product-type-simple"},"yoast_head":"<!-- This site is optimized with the Yoast SEO plugin v27.1.1 - https:\/\/yoast.com\/product\/yoast-seo-wordpress\/ -->\n<title>DA381 \/ DA381-IS Adresli Duman Dedekt\u00f6r\u00fc &#8211; Redban Elektronik Ltd. \u015eti.<\/title>\n<meta name=\"robots\" content=\"index, follow, max-snippet:-1, max-image-preview:large, max-video-preview:-1\" \/>\n<link rel=\"canonical\" href=\"https:\/\/www.redban.com.tr\/en\/urun\/da381-da381-is-adresli-duman-dedektoru\/\" \/>\n<meta property=\"og:locale\" content=\"en_US\" \/>\n<meta property=\"og:type\" content=\"article\" \/>\n<meta property=\"og:title\" content=\"DA381 \/ DA381-IS Adresli Duman Dedekt\u00f6r\u00fc &#8211; Redban Elektronik Ltd. \u015eti.\" \/>\n<meta property=\"og:description\" content=\"Robust and aesthetic PC\/ABS case  Microprocessor based design  Double sided light path indicator  Self calibration  Eliminate false alarms  Built-in Isolator  Led indicator output  Programmable by RB1201 address programmer  Address and data stored in nonvolatile memory  EN54-7 Certified\" \/>\n<meta property=\"og:url\" content=\"https:\/\/www.redban.com.tr\/en\/urun\/da381-da381-is-adresli-duman-dedektoru\/\" \/>\n<meta property=\"og:site_name\" content=\"Redban Elektronik Ltd. \u015eti.\" \/>\n<meta property=\"og:image\" content=\"https:\/\/www.redban.com.tr\/wp-content\/uploads\/2026\/02\/DA383-IS_On5.png\" \/>\n\t<meta property=\"og:image:width\" content=\"1035\" \/>\n\t<meta property=\"og:image:height\" content=\"1038\" \/>\n\t<meta property=\"og:image:type\" content=\"image\/png\" \/>\n<meta name=\"twitter:card\" content=\"summary_large_image\" \/>\n<meta name=\"twitter:label1\" content=\"Est. reading time\" \/>\n\t<meta name=\"twitter:data1\" content=\"1 minute\" \/>\n<script type=\"application\/ld+json\" class=\"yoast-schema-graph\">{\"@context\":\"https:\/\/schema.org\",\"@graph\":[{\"@type\":[\"WebPage\",\"ItemPage\"],\"@id\":\"https:\/\/www.redban.com.tr\/en\/urun\/da381-da381-is-adresli-duman-dedektoru\/\",\"url\":\"https:\/\/www.redban.com.tr\/en\/urun\/da381-da381-is-adresli-duman-dedektoru\/\",\"name\":\"DA381 \/ DA381-IS Adresli Duman Dedekt\u00f6r\u00fc &#8211; Redban Elektronik Ltd. \u015eti.\",\"isPartOf\":{\"@id\":\"https:\/\/www.redban.com.tr\/en\/#website\"},\"primaryImageOfPage\":{\"@id\":\"https:\/\/www.redban.com.tr\/en\/urun\/da381-da381-is-adresli-duman-dedektoru\/#primaryimage\"},\"image\":{\"@id\":\"https:\/\/www.redban.com.tr\/en\/urun\/da381-da381-is-adresli-duman-dedektoru\/#primaryimage\"},\"thumbnailUrl\":\"https:\/\/www.redban.com.tr\/wp-content\/uploads\/2026\/02\/DA383-IS_Yandan_Dusuk.png\",\"datePublished\":\"2026-02-12T09:41:27+00:00\",\"breadcrumb\":{\"@id\":\"https:\/\/www.redban.com.tr\/en\/urun\/da381-da381-is-adresli-duman-dedektoru\/#breadcrumb\"},\"inLanguage\":\"en-US\",\"potentialAction\":[{\"@type\":\"ReadAction\",\"target\":[\"https:\/\/www.redban.com.tr\/en\/urun\/da381-da381-is-adresli-duman-dedektoru\/\"]}]},{\"@type\":\"ImageObject\",\"inLanguage\":\"en-US\",\"@id\":\"https:\/\/www.redban.com.tr\/en\/urun\/da381-da381-is-adresli-duman-dedektoru\/#primaryimage\",\"url\":\"https:\/\/www.redban.com.tr\/wp-content\/uploads\/2026\/02\/DA383-IS_Yandan_Dusuk.png\",\"contentUrl\":\"https:\/\/www.redban.com.tr\/wp-content\/uploads\/2026\/02\/DA383-IS_Yandan_Dusuk.png\",\"width\":300,\"height\":254},{\"@type\":\"BreadcrumbList\",\"@id\":\"https:\/\/www.redban.com.tr\/en\/urun\/da381-da381-is-adresli-duman-dedektoru\/#breadcrumb\",\"itemListElement\":[{\"@type\":\"ListItem\",\"position\":1,\"name\":\"Anasayfa\",\"item\":\"https:\/\/www.redban.com.tr\/en\/\"},{\"@type\":\"ListItem\",\"position\":2,\"name\":\"Shop\",\"item\":\"https:\/\/www.redban.com.tr\/en\/?page_id=861\"},{\"@type\":\"ListItem\",\"position\":3,\"name\":\"DA381 \/ DA381-IS Adresli Duman Dedekt\u00f6r\u00fc\"}]},{\"@type\":\"WebSite\",\"@id\":\"https:\/\/www.redban.com.tr\/en\/#website\",\"url\":\"https:\/\/www.redban.com.tr\/en\/\",\"name\":\"Redban Elektronik Ltd. \u015eti.\",\"description\":\"\",\"publisher\":{\"@id\":\"https:\/\/www.redban.com.tr\/en\/#organization\"},\"potentialAction\":[{\"@type\":\"SearchAction\",\"target\":{\"@type\":\"EntryPoint\",\"urlTemplate\":\"https:\/\/www.redban.com.tr\/en\/?s={search_term_string}\"},\"query-input\":{\"@type\":\"PropertyValueSpecification\",\"valueRequired\":true,\"valueName\":\"search_term_string\"}}],\"inLanguage\":\"en-US\"},{\"@type\":\"Organization\",\"@id\":\"https:\/\/www.redban.com.tr\/en\/#organization\",\"name\":\"Redban Elektronik Ltd. \u015eti.\",\"url\":\"https:\/\/www.redban.com.tr\/en\/\",\"logo\":{\"@type\":\"ImageObject\",\"inLanguage\":\"en-US\",\"@id\":\"https:\/\/www.redban.com.tr\/en\/#\/schema\/logo\/image\/\",\"url\":\"https:\/\/www.redban.com.tr\/wp-content\/uploads\/2026\/01\/logo-main-red-e1772181754589.png\",\"contentUrl\":\"https:\/\/www.redban.com.tr\/wp-content\/uploads\/2026\/01\/logo-main-red-e1772181754589.png\",\"width\":448,\"height\":150,\"caption\":\"Redban Elektronik Ltd. \u015eti.\"},\"image\":{\"@id\":\"https:\/\/www.redban.com.tr\/en\/#\/schema\/logo\/image\/\"}}]}<\/script>\n<!-- \/ Yoast SEO plugin. -->","yoast_head_json":{"title":"DA381 \/ DA381-IS Adresli Duman Dedekt\u00f6r\u00fc &#8211; Redban Elektronik Ltd. \u015eti.","robots":{"index":"index","follow":"follow","max-snippet":"max-snippet:-1","max-image-preview":"max-image-preview:large","max-video-preview":"max-video-preview:-1"},"canonical":"https:\/\/www.redban.com.tr\/en\/urun\/da381-da381-is-adresli-duman-dedektoru\/","og_locale":"en_US","og_type":"article","og_title":"DA381 \/ DA381-IS Adresli Duman Dedekt\u00f6r\u00fc &#8211; Redban Elektronik Ltd. \u015eti.","og_description":"Robust and aesthetic PC\/ABS case  Microprocessor based design  Double sided light path indicator  Self calibration  Eliminate false alarms  Built-in Isolator  Led indicator output  Programmable by RB1201 address programmer  Address and data stored in nonvolatile memory  EN54-7 Certified","og_url":"https:\/\/www.redban.com.tr\/en\/urun\/da381-da381-is-adresli-duman-dedektoru\/","og_site_name":"Redban Elektronik Ltd. \u015eti.","og_image":[{"width":1035,"height":1038,"url":"https:\/\/www.redban.com.tr\/wp-content\/uploads\/2026\/02\/DA383-IS_On5.png","type":"image\/png"}],"twitter_card":"summary_large_image","twitter_misc":{"Est. reading time":"1 minute"},"schema":{"@context":"https:\/\/schema.org","@graph":[{"@type":["WebPage","ItemPage"],"@id":"https:\/\/www.redban.com.tr\/en\/urun\/da381-da381-is-adresli-duman-dedektoru\/","url":"https:\/\/www.redban.com.tr\/en\/urun\/da381-da381-is-adresli-duman-dedektoru\/","name":"DA381 \/ DA381-IS Adresli Duman Dedekt\u00f6r\u00fc &#8211; Redban Elektronik Ltd. \u015eti.","isPartOf":{"@id":"https:\/\/www.redban.com.tr\/en\/#website"},"primaryImageOfPage":{"@id":"https:\/\/www.redban.com.tr\/en\/urun\/da381-da381-is-adresli-duman-dedektoru\/#primaryimage"},"image":{"@id":"https:\/\/www.redban.com.tr\/en\/urun\/da381-da381-is-adresli-duman-dedektoru\/#primaryimage"},"thumbnailUrl":"https:\/\/www.redban.com.tr\/wp-content\/uploads\/2026\/02\/DA383-IS_Yandan_Dusuk.png","datePublished":"2026-02-12T09:41:27+00:00","breadcrumb":{"@id":"https:\/\/www.redban.com.tr\/en\/urun\/da381-da381-is-adresli-duman-dedektoru\/#breadcrumb"},"inLanguage":"en-US","potentialAction":[{"@type":"ReadAction","target":["https:\/\/www.redban.com.tr\/en\/urun\/da381-da381-is-adresli-duman-dedektoru\/"]}]},{"@type":"ImageObject","inLanguage":"en-US","@id":"https:\/\/www.redban.com.tr\/en\/urun\/da381-da381-is-adresli-duman-dedektoru\/#primaryimage","url":"https:\/\/www.redban.com.tr\/wp-content\/uploads\/2026\/02\/DA383-IS_Yandan_Dusuk.png","contentUrl":"https:\/\/www.redban.com.tr\/wp-content\/uploads\/2026\/02\/DA383-IS_Yandan_Dusuk.png","width":300,"height":254},{"@type":"BreadcrumbList","@id":"https:\/\/www.redban.com.tr\/en\/urun\/da381-da381-is-adresli-duman-dedektoru\/#breadcrumb","itemListElement":[{"@type":"ListItem","position":1,"name":"Anasayfa","item":"https:\/\/www.redban.com.tr\/en\/"},{"@type":"ListItem","position":2,"name":"Shop","item":"https:\/\/www.redban.com.tr\/en\/?page_id=861"},{"@type":"ListItem","position":3,"name":"DA381 \/ DA381-IS Adresli Duman Dedekt\u00f6r\u00fc"}]},{"@type":"WebSite","@id":"https:\/\/www.redban.com.tr\/en\/#website","url":"https:\/\/www.redban.com.tr\/en\/","name":"Redban Elektronik Ltd. \u015eti.","description":"","publisher":{"@id":"https:\/\/www.redban.com.tr\/en\/#organization"},"potentialAction":[{"@type":"SearchAction","target":{"@type":"EntryPoint","urlTemplate":"https:\/\/www.redban.com.tr\/en\/?s={search_term_string}"},"query-input":{"@type":"PropertyValueSpecification","valueRequired":true,"valueName":"search_term_string"}}],"inLanguage":"en-US"},{"@type":"Organization","@id":"https:\/\/www.redban.com.tr\/en\/#organization","name":"Redban Elektronik Ltd. \u015eti.","url":"https:\/\/www.redban.com.tr\/en\/","logo":{"@type":"ImageObject","inLanguage":"en-US","@id":"https:\/\/www.redban.com.tr\/en\/#\/schema\/logo\/image\/","url":"https:\/\/www.redban.com.tr\/wp-content\/uploads\/2026\/01\/logo-main-red-e1772181754589.png","contentUrl":"https:\/\/www.redban.com.tr\/wp-content\/uploads\/2026\/01\/logo-main-red-e1772181754589.png","width":448,"height":150,"caption":"Redban Elektronik Ltd. \u015eti."},"image":{"@id":"https:\/\/www.redban.com.tr\/en\/#\/schema\/logo\/image\/"}}]}},"_links":{"self":[{"href":"https:\/\/www.redban.com.tr\/en\/wp-json\/wp\/v2\/product\/872","targetHints":{"allow":["GET"]}}],"collection":[{"href":"https:\/\/www.redban.com.tr\/en\/wp-json\/wp\/v2\/product"}],"about":[{"href":"https:\/\/www.redban.com.tr\/en\/wp-json\/wp\/v2\/types\/product"}],"wp:featuredmedia":[{"embeddable":true,"href":"https:\/\/www.redban.com.tr\/en\/wp-json\/wp\/v2\/media\/986"}],"wp:attachment":[{"href":"https:\/\/www.redban.com.tr\/en\/wp-json\/wp\/v2\/media?parent=872"}],"wp:term":[{"taxonomy":"product_brand","embeddable":true,"href":"https:\/\/www.redban.com.tr\/en\/wp-json\/wp\/v2\/product_brand?post=872"},{"taxonomy":"product_cat","embeddable":true,"href":"https:\/\/www.redban.com.tr\/en\/wp-json\/wp\/v2\/product_cat?post=872"},{"taxonomy":"product_tag","embeddable":true,"href":"https:\/\/www.redban.com.tr\/en\/wp-json\/wp\/v2\/product_tag?post=872"}],"curies":[{"name":"wp","href":"https:\/\/api.w.org\/{rel}","templated":true}]}}