{"id":885,"date":"2026-02-13T12:32:20","date_gmt":"2026-02-13T09:32:20","guid":{"rendered":"https:\/\/www.redban.com.tr\/urun\/ap204-addressable-fire-detection-and-control-panel\/"},"modified":"2026-02-13T12:32:20","modified_gmt":"2026-02-13T09:32:20","slug":"ap204-addressable-fire-detection-and-control-panel","status":"publish","type":"product","link":"https:\/\/www.redban.com.tr\/en\/urun\/ap204-addressable-fire-detection-and-control-panel\/","title":{"rendered":"AP204 Addressable Fire Detection and Control Panel"},"content":{"rendered":"<p>AP204 Addressable Fire Alarm Panel is the main component of Redban Solution 2 series. The panel is working on CDS2 protocole. Solution S2 products work with only S2 device range. S1 and S3 devices do not work with S2 solution range.<\/p>\n<p>REDBAN AP204 Addressable Fire Alarm Panels are designed by the leading technology and microprocessor based devices. Repeater panel connection are onboard in the panel.<\/p>\n<p>On main board, there are 4 loop connectors for LK204-CD loop cards. By installing LK204-CD loop cards the panel can host up to 4 loops. There can be installed 250 detectors per loop upgradable to 1000 devices per panel.<\/p>\n<p>On the device there are seperate indicator leds for 16 different zones; Trouble leds, Sound and Alarm indicators, Power, Ready, By-pass indicator leds as described in EN54-2\/4 European Norm. All system statuses are displayed on the LCD screen via separate indicator LEDs.<\/p>\n","protected":false},"excerpt":{"rendered":"<ul>\n<li>Available in 1-4 loop versions<\/li>\n<li>Microprocessor based design<\/li>\n<li>Robust and aesthetic Metal Case<\/li>\n<li>Programmable 250 zones\/16 zone leds<\/li>\n<li>128&#215;64 LCD screen<\/li>\n<li>20 character zone &amp; device names<\/li>\n<li>Repeater Panel connectiop<\/li>\n<li>Configuration and control software<\/li>\n<li>User friendly programming<\/li>\n<li>Flexible scenario<\/li>\n<li>Onboard USB &amp; 2 RS485 interface<\/li>\n<li>Yaz\u0131c\u0131 aray\u00fcz\u00fc<\/li>\n<li>Day&amp;Night mode delays per zone<\/li>\n<li>Turkish &amp; English language<\/li>\n<li>Real time clock<\/li>\n<li>65000 Event log with time stamp<\/li>\n<li>EN54-2 &amp; EN54-4 Certified<\/li>\n<\/ul>\n","protected":false},"featured_media":973,"template":"","meta":[],"product_brand":[],"product_cat":[44,46],"product_tag":[],"class_list":{"0":"post-885","1":"product","2":"type-product","3":"status-publish","4":"has-post-thumbnail","6":"product_cat-addressable-fire-detection-and-control-system","7":"product_cat-solution-2","9":"first","10":"instock","11":"downloadable","12":"shipping-taxable","13":"product-type-simple"},"yoast_head":"<!-- This site is optimized with the Yoast SEO plugin v27.1.1 - https:\/\/yoast.com\/product\/yoast-seo-wordpress\/ -->\n<title>AP204 Addressable Fire Detection and Control Panel &#8211; Redban Elektronik Ltd. \u015eti.<\/title>\n<meta name=\"robots\" content=\"index, follow, max-snippet:-1, max-image-preview:large, max-video-preview:-1\" \/>\n<link rel=\"canonical\" href=\"https:\/\/www.redban.com.tr\/en\/urun\/ap204-addressable-fire-detection-and-control-panel\/\" \/>\n<meta property=\"og:locale\" content=\"en_US\" \/>\n<meta property=\"og:type\" content=\"article\" \/>\n<meta property=\"og:title\" content=\"AP204 Addressable Fire Detection and Control Panel &#8211; Redban Elektronik Ltd. \u015eti.\" \/>\n<meta property=\"og:description\" content=\"Available in 1-4 loop versions  Microprocessor based design  Robust and aesthetic Metal Case  Programmable 250 zones\/16 zone leds  128x64 LCD screen  20 character zone &amp; device names  Repeater Panel connectiop  Configuration and control software  User friendly programming  Flexible scenario  Onboard USB &amp; 2 RS485 interface  Yaz\u0131c\u0131 aray\u00fcz\u00fc  Day&amp;Night mode delays per zone  Turkish &amp; English language  Real time clock  65000 Event log with time stamp  EN54-2 &amp; EN54-4 Certified\" \/>\n<meta property=\"og:url\" content=\"https:\/\/www.redban.com.tr\/en\/urun\/ap204-addressable-fire-detection-and-control-panel\/\" \/>\n<meta property=\"og:site_name\" content=\"Redban Elektronik Ltd. \u015eti.\" \/>\n<meta property=\"og:image\" content=\"https:\/\/www.redban.com.tr\/wp-content\/uploads\/2026\/01\/AP204-panel-onden_dusuk.png\" \/>\n\t<meta property=\"og:image:width\" content=\"460\" \/>\n\t<meta property=\"og:image:height\" content=\"475\" \/>\n\t<meta property=\"og:image:type\" content=\"image\/png\" \/>\n<meta name=\"twitter:card\" content=\"summary_large_image\" \/>\n<meta name=\"twitter:label1\" content=\"Est. reading time\" \/>\n\t<meta name=\"twitter:data1\" content=\"1 minute\" \/>\n<script type=\"application\/ld+json\" class=\"yoast-schema-graph\">{\"@context\":\"https:\/\/schema.org\",\"@graph\":[{\"@type\":[\"WebPage\",\"ItemPage\"],\"@id\":\"https:\/\/www.redban.com.tr\/en\/urun\/ap204-addressable-fire-detection-and-control-panel\/\",\"url\":\"https:\/\/www.redban.com.tr\/en\/urun\/ap204-addressable-fire-detection-and-control-panel\/\",\"name\":\"AP204 Addressable Fire Detection and Control Panel &#8211; Redban Elektronik Ltd. \u015eti.\",\"isPartOf\":{\"@id\":\"https:\/\/www.redban.com.tr\/en\/#website\"},\"primaryImageOfPage\":{\"@id\":\"https:\/\/www.redban.com.tr\/en\/urun\/ap204-addressable-fire-detection-and-control-panel\/#primaryimage\"},\"image\":{\"@id\":\"https:\/\/www.redban.com.tr\/en\/urun\/ap204-addressable-fire-detection-and-control-panel\/#primaryimage\"},\"thumbnailUrl\":\"https:\/\/www.redban.com.tr\/wp-content\/uploads\/2026\/02\/AP204-ON_K.png\",\"datePublished\":\"2026-02-13T09:32:20+00:00\",\"breadcrumb\":{\"@id\":\"https:\/\/www.redban.com.tr\/en\/urun\/ap204-addressable-fire-detection-and-control-panel\/#breadcrumb\"},\"inLanguage\":\"en-US\",\"potentialAction\":[{\"@type\":\"ReadAction\",\"target\":[\"https:\/\/www.redban.com.tr\/en\/urun\/ap204-addressable-fire-detection-and-control-panel\/\"]}]},{\"@type\":\"ImageObject\",\"inLanguage\":\"en-US\",\"@id\":\"https:\/\/www.redban.com.tr\/en\/urun\/ap204-addressable-fire-detection-and-control-panel\/#primaryimage\",\"url\":\"https:\/\/www.redban.com.tr\/wp-content\/uploads\/2026\/02\/AP204-ON_K.png\",\"contentUrl\":\"https:\/\/www.redban.com.tr\/wp-content\/uploads\/2026\/02\/AP204-ON_K.png\",\"width\":890,\"height\":919},{\"@type\":\"BreadcrumbList\",\"@id\":\"https:\/\/www.redban.com.tr\/en\/urun\/ap204-addressable-fire-detection-and-control-panel\/#breadcrumb\",\"itemListElement\":[{\"@type\":\"ListItem\",\"position\":1,\"name\":\"Anasayfa\",\"item\":\"https:\/\/www.redban.com.tr\/en\/\"},{\"@type\":\"ListItem\",\"position\":2,\"name\":\"Shop\",\"item\":\"https:\/\/www.redban.com.tr\/en\/?page_id=861\"},{\"@type\":\"ListItem\",\"position\":3,\"name\":\"AP204 Addressable Fire Detection and Control Panel\"}]},{\"@type\":\"WebSite\",\"@id\":\"https:\/\/www.redban.com.tr\/en\/#website\",\"url\":\"https:\/\/www.redban.com.tr\/en\/\",\"name\":\"Redban Elektronik Ltd. \u015eti.\",\"description\":\"\",\"publisher\":{\"@id\":\"https:\/\/www.redban.com.tr\/en\/#organization\"},\"potentialAction\":[{\"@type\":\"SearchAction\",\"target\":{\"@type\":\"EntryPoint\",\"urlTemplate\":\"https:\/\/www.redban.com.tr\/en\/?s={search_term_string}\"},\"query-input\":{\"@type\":\"PropertyValueSpecification\",\"valueRequired\":true,\"valueName\":\"search_term_string\"}}],\"inLanguage\":\"en-US\"},{\"@type\":\"Organization\",\"@id\":\"https:\/\/www.redban.com.tr\/en\/#organization\",\"name\":\"Redban Elektronik Ltd. \u015eti.\",\"url\":\"https:\/\/www.redban.com.tr\/en\/\",\"logo\":{\"@type\":\"ImageObject\",\"inLanguage\":\"en-US\",\"@id\":\"https:\/\/www.redban.com.tr\/en\/#\/schema\/logo\/image\/\",\"url\":\"https:\/\/www.redban.com.tr\/wp-content\/uploads\/2026\/01\/logo-main-red-e1772181754589.png\",\"contentUrl\":\"https:\/\/www.redban.com.tr\/wp-content\/uploads\/2026\/01\/logo-main-red-e1772181754589.png\",\"width\":448,\"height\":150,\"caption\":\"Redban Elektronik Ltd. \u015eti.\"},\"image\":{\"@id\":\"https:\/\/www.redban.com.tr\/en\/#\/schema\/logo\/image\/\"}}]}<\/script>\n<!-- \/ Yoast SEO plugin. -->","yoast_head_json":{"title":"AP204 Addressable Fire Detection and Control Panel &#8211; Redban Elektronik Ltd. \u015eti.","robots":{"index":"index","follow":"follow","max-snippet":"max-snippet:-1","max-image-preview":"max-image-preview:large","max-video-preview":"max-video-preview:-1"},"canonical":"https:\/\/www.redban.com.tr\/en\/urun\/ap204-addressable-fire-detection-and-control-panel\/","og_locale":"en_US","og_type":"article","og_title":"AP204 Addressable Fire Detection and Control Panel &#8211; Redban Elektronik Ltd. \u015eti.","og_description":"Available in 1-4 loop versions  Microprocessor based design  Robust and aesthetic Metal Case  Programmable 250 zones\/16 zone leds  128x64 LCD screen  20 character zone &amp; device names  Repeater Panel connectiop  Configuration and control software  User friendly programming  Flexible scenario  Onboard USB &amp; 2 RS485 interface  Yaz\u0131c\u0131 aray\u00fcz\u00fc  Day&amp;Night mode delays per zone  Turkish &amp; English language  Real time clock  65000 Event log with time stamp  EN54-2 &amp; EN54-4 Certified","og_url":"https:\/\/www.redban.com.tr\/en\/urun\/ap204-addressable-fire-detection-and-control-panel\/","og_site_name":"Redban Elektronik Ltd. \u015eti.","og_image":[{"width":460,"height":475,"url":"https:\/\/www.redban.com.tr\/wp-content\/uploads\/2026\/01\/AP204-panel-onden_dusuk.png","type":"image\/png"}],"twitter_card":"summary_large_image","twitter_misc":{"Est. reading time":"1 minute"},"schema":{"@context":"https:\/\/schema.org","@graph":[{"@type":["WebPage","ItemPage"],"@id":"https:\/\/www.redban.com.tr\/en\/urun\/ap204-addressable-fire-detection-and-control-panel\/","url":"https:\/\/www.redban.com.tr\/en\/urun\/ap204-addressable-fire-detection-and-control-panel\/","name":"AP204 Addressable Fire Detection and Control Panel &#8211; Redban Elektronik Ltd. \u015eti.","isPartOf":{"@id":"https:\/\/www.redban.com.tr\/en\/#website"},"primaryImageOfPage":{"@id":"https:\/\/www.redban.com.tr\/en\/urun\/ap204-addressable-fire-detection-and-control-panel\/#primaryimage"},"image":{"@id":"https:\/\/www.redban.com.tr\/en\/urun\/ap204-addressable-fire-detection-and-control-panel\/#primaryimage"},"thumbnailUrl":"https:\/\/www.redban.com.tr\/wp-content\/uploads\/2026\/02\/AP204-ON_K.png","datePublished":"2026-02-13T09:32:20+00:00","breadcrumb":{"@id":"https:\/\/www.redban.com.tr\/en\/urun\/ap204-addressable-fire-detection-and-control-panel\/#breadcrumb"},"inLanguage":"en-US","potentialAction":[{"@type":"ReadAction","target":["https:\/\/www.redban.com.tr\/en\/urun\/ap204-addressable-fire-detection-and-control-panel\/"]}]},{"@type":"ImageObject","inLanguage":"en-US","@id":"https:\/\/www.redban.com.tr\/en\/urun\/ap204-addressable-fire-detection-and-control-panel\/#primaryimage","url":"https:\/\/www.redban.com.tr\/wp-content\/uploads\/2026\/02\/AP204-ON_K.png","contentUrl":"https:\/\/www.redban.com.tr\/wp-content\/uploads\/2026\/02\/AP204-ON_K.png","width":890,"height":919},{"@type":"BreadcrumbList","@id":"https:\/\/www.redban.com.tr\/en\/urun\/ap204-addressable-fire-detection-and-control-panel\/#breadcrumb","itemListElement":[{"@type":"ListItem","position":1,"name":"Anasayfa","item":"https:\/\/www.redban.com.tr\/en\/"},{"@type":"ListItem","position":2,"name":"Shop","item":"https:\/\/www.redban.com.tr\/en\/?page_id=861"},{"@type":"ListItem","position":3,"name":"AP204 Addressable Fire Detection and Control Panel"}]},{"@type":"WebSite","@id":"https:\/\/www.redban.com.tr\/en\/#website","url":"https:\/\/www.redban.com.tr\/en\/","name":"Redban Elektronik Ltd. \u015eti.","description":"","publisher":{"@id":"https:\/\/www.redban.com.tr\/en\/#organization"},"potentialAction":[{"@type":"SearchAction","target":{"@type":"EntryPoint","urlTemplate":"https:\/\/www.redban.com.tr\/en\/?s={search_term_string}"},"query-input":{"@type":"PropertyValueSpecification","valueRequired":true,"valueName":"search_term_string"}}],"inLanguage":"en-US"},{"@type":"Organization","@id":"https:\/\/www.redban.com.tr\/en\/#organization","name":"Redban Elektronik Ltd. \u015eti.","url":"https:\/\/www.redban.com.tr\/en\/","logo":{"@type":"ImageObject","inLanguage":"en-US","@id":"https:\/\/www.redban.com.tr\/en\/#\/schema\/logo\/image\/","url":"https:\/\/www.redban.com.tr\/wp-content\/uploads\/2026\/01\/logo-main-red-e1772181754589.png","contentUrl":"https:\/\/www.redban.com.tr\/wp-content\/uploads\/2026\/01\/logo-main-red-e1772181754589.png","width":448,"height":150,"caption":"Redban Elektronik Ltd. \u015eti."},"image":{"@id":"https:\/\/www.redban.com.tr\/en\/#\/schema\/logo\/image\/"}}]}},"_links":{"self":[{"href":"https:\/\/www.redban.com.tr\/en\/wp-json\/wp\/v2\/product\/885","targetHints":{"allow":["GET"]}}],"collection":[{"href":"https:\/\/www.redban.com.tr\/en\/wp-json\/wp\/v2\/product"}],"about":[{"href":"https:\/\/www.redban.com.tr\/en\/wp-json\/wp\/v2\/types\/product"}],"wp:featuredmedia":[{"embeddable":true,"href":"https:\/\/www.redban.com.tr\/en\/wp-json\/wp\/v2\/media\/973"}],"wp:attachment":[{"href":"https:\/\/www.redban.com.tr\/en\/wp-json\/wp\/v2\/media?parent=885"}],"wp:term":[{"taxonomy":"product_brand","embeddable":true,"href":"https:\/\/www.redban.com.tr\/en\/wp-json\/wp\/v2\/product_brand?post=885"},{"taxonomy":"product_cat","embeddable":true,"href":"https:\/\/www.redban.com.tr\/en\/wp-json\/wp\/v2\/product_cat?post=885"},{"taxonomy":"product_tag","embeddable":true,"href":"https:\/\/www.redban.com.tr\/en\/wp-json\/wp\/v2\/product_tag?post=885"}],"curies":[{"name":"wp","href":"https:\/\/api.w.org\/{rel}","templated":true}]}}